{"id":253,"date":"2021-01-27T09:25:41","date_gmt":"2021-01-27T09:25:41","guid":{"rendered":"https:\/\/elarmadorcasapalacio.com\/apartamentos\/"},"modified":"2021-02-08T09:14:51","modified_gmt":"2021-02-08T09:14:51","slug":"apartamentos","status":"publish","type":"page","link":"https:\/\/elarmadorcasapalacio.com\/es\/apartamentos\/","title":{"rendered":"Apartmentos"},"content":{"rendered":"<section class=\"wpb-content-wrapper\">[vc_row el_class=\u00bbtext-center\u00bb css=\u00bb.vc_custom_1611172571995{padding-top: 10vh !important;padding-bottom: 5vh !important;}\u00bb][vc_column][vc_column_text]\n<h1>Reserva tu Apartamento Premium en el mejor Edificio de Apartamentos Tur\u00edsticos de C\u00e1diz<\/h1>\n[\/vc_column_text][vc_empty_space][vc_column_text]<strong>&#8216;El Armador Casa Palacio&#8217; es un encantador edificio de apartamentos tur\u00edsticos en un noble edificio del siglo XIX en el centro de C\u00e1diz.<\/strong><br \/>\nAqu\u00ed puede ver los diferentes tipos de apartamentos que ofrecemos. Haga clic en el que m\u00e1s le guste para ver m\u00e1s informaci\u00f3n.[\/vc_column_text][\/vc_column][\/vc_row][vc_row css=\u00bb.vc_custom_1611172548587{padding-bottom: 10vh !important;}\u00bb][vc_column]\t\t<section class=\"thb-portfolio masonry row regular-padding thb-portfolio-style-style5 thb-true-aspect-  mfp-gallery\" data-loadmore=\"#loadmore-95\" data-filter=\"thb-filter-95\" data-layoutmode=\"packery\" data-thb-animation=\"thb-animate-from-bottom\" data-security=\"63e122b80d\">\n\t\t<div class=\"columns type-portfolio style5 small-12 large-6  portfolio-id-262-69fa011bdf02a post-262 portfolio status-publish has-post-thumbnail hentry\" id=\"portfolio-262\">\n\t<div class=\"portfolio-holder\">\n\t\t<div class=\"thb-portfolio-image\">\n\t\t\t\t\t\t<img loading=\"lazy\" decoding=\"async\" width=\"760\" height=\"700\" src=\"https:\/\/elarmadorcasapalacio.com\/wp-content\/uploads\/2021\/01\/apartment-tourist-cadiz-760x700.jpg\" class=\"attachment-revolution-square-x2 size-revolution-square-x2 wp-post-image\" alt=\"Estudio con cierro - Apartamento Premium en C\u00e1diz\" srcset=\"https:\/\/elarmadorcasapalacio.com\/wp-content\/uploads\/2021\/01\/apartment-tourist-cadiz-760x700.jpg 760w, https:\/\/elarmadorcasapalacio.com\/wp-content\/uploads\/2021\/01\/apartment-tourist-cadiz-380x350.jpg 380w, https:\/\/elarmadorcasapalacio.com\/wp-content\/uploads\/2021\/01\/apartment-tourist-cadiz-20x18.jpg 20w\" sizes=\"(max-width: 760px) 100vw, 760px\" \/>\t\t\t<div class=\"thb-portfolio-hover\"><\/div>\n\t\t<\/div>\n\t\t<a href=\"https:\/\/elarmadorcasapalacio.com\/es\/hotel\/apartamento-estudio-con-cierro\/\" class=\"thb-portfolio-link\"><\/a>\n\t\t<div class=\"thb-portfolio-content\">\n\t\t\t<h6>Apartamento Estudio con Cierro<\/h6>\n\t\t\t\t\t<\/div>\n\t<\/div>\n\t\t<style>\n\t\t.portfolio-id-262-69fa011bdf02a.style5 .thb-portfolio-hover {\n\t\t\tbackground:;background:linear-gradient( 0deg,, );\t\t}\n\t<\/style>\n\t<\/div>\n<div class=\"columns type-portfolio style5 small-12 large-6  portfolio-id-264-69fa011be620a post-264 portfolio status-publish has-post-thumbnail hentry\" id=\"portfolio-264\">\n\t<div class=\"portfolio-holder\">\n\t\t<div class=\"thb-portfolio-image\">\n\t\t\t\t\t\t<img loading=\"lazy\" decoding=\"async\" width=\"760\" height=\"700\" src=\"https:\/\/elarmadorcasapalacio.com\/wp-content\/uploads\/2021\/01\/hotel-apartment-cadiz-760x700.jpg\" class=\"attachment-revolution-square-x2 size-revolution-square-x2 wp-post-image\" alt=\"Apartamento Estudio Deluxe - Apartamento Premium en C\u00e1diz\" srcset=\"https:\/\/elarmadorcasapalacio.com\/wp-content\/uploads\/2021\/01\/hotel-apartment-cadiz-760x700.jpg 760w, https:\/\/elarmadorcasapalacio.com\/wp-content\/uploads\/2021\/01\/hotel-apartment-cadiz-380x350.jpg 380w, https:\/\/elarmadorcasapalacio.com\/wp-content\/uploads\/2021\/01\/hotel-apartment-cadiz-20x18.jpg 20w\" sizes=\"(max-width: 760px) 100vw, 760px\" \/>\t\t\t<div class=\"thb-portfolio-hover\"><\/div>\n\t\t<\/div>\n\t\t<a href=\"https:\/\/elarmadorcasapalacio.com\/es\/hotel\/apartamento-estudio-deluxe\/\" class=\"thb-portfolio-link\"><\/a>\n\t\t<div class=\"thb-portfolio-content\">\n\t\t\t<h6>Apartamento Estudio Deluxe<\/h6>\n\t\t\t\t\t<\/div>\n\t<\/div>\n\t\t<style>\n\t\t.portfolio-id-264-69fa011be620a.style5 .thb-portfolio-hover {\n\t\t\tbackground:;background:linear-gradient( 0deg,, );\t\t}\n\t<\/style>\n\t<\/div>\n<div class=\"columns type-portfolio style5 small-12 large-6  portfolio-id-265-69fa011be6f10 post-265 portfolio status-publish has-post-thumbnail hentry\" id=\"portfolio-265\">\n\t<div class=\"portfolio-holder\">\n\t\t<div class=\"thb-portfolio-image\">\n\t\t\t\t\t\t<img loading=\"lazy\" decoding=\"async\" width=\"760\" height=\"700\" src=\"https:\/\/elarmadorcasapalacio.com\/wp-content\/uploads\/2021\/01\/premium-apartment-cadiz-760x700.jpg\" class=\"attachment-revolution-square-x2 size-revolution-square-x2 wp-post-image\" alt=\"Apartamento de dos dormitorios - Apartamento Premium en C\u00e1diz\" srcset=\"https:\/\/elarmadorcasapalacio.com\/wp-content\/uploads\/2021\/01\/premium-apartment-cadiz-760x700.jpg 760w, https:\/\/elarmadorcasapalacio.com\/wp-content\/uploads\/2021\/01\/premium-apartment-cadiz-380x350.jpg 380w, https:\/\/elarmadorcasapalacio.com\/wp-content\/uploads\/2021\/01\/premium-apartment-cadiz-20x18.jpg 20w\" sizes=\"(max-width: 760px) 100vw, 760px\" \/>\t\t\t<div class=\"thb-portfolio-hover\"><\/div>\n\t\t<\/div>\n\t\t<a href=\"https:\/\/elarmadorcasapalacio.com\/es\/hotel\/apartamento-de-dos-dormitorios\/\" class=\"thb-portfolio-link\"><\/a>\n\t\t<div class=\"thb-portfolio-content\">\n\t\t\t<h6>Apartamento de Dos Dormitorios<\/h6>\n\t\t\t\t\t<\/div>\n\t<\/div>\n\t\t<style>\n\t\t.portfolio-id-265-69fa011be6f10.style5 .thb-portfolio-hover {\n\t\t\tbackground:;background:linear-gradient( 0deg,, );\t\t}\n\t<\/style>\n\t<\/div>\n<div class=\"columns type-portfolio style5 small-12 large-6  portfolio-id-266-69fa011be994a post-266 portfolio status-publish has-post-thumbnail hentry\" id=\"portfolio-266\">\n\t<div class=\"portfolio-holder\">\n\t\t<div class=\"thb-portfolio-image\">\n\t\t\t\t\t\t<img loading=\"lazy\" decoding=\"async\" width=\"760\" height=\"700\" src=\"https:\/\/elarmadorcasapalacio.com\/wp-content\/uploads\/2021\/01\/cadiz-tourist-apartments-2-760x700.jpg\" class=\"attachment-revolution-square-x2 size-revolution-square-x2 wp-post-image\" alt=\"El Armador Casa Palacio - Apartamentos Premium C\u00e1diz\" srcset=\"https:\/\/elarmadorcasapalacio.com\/wp-content\/uploads\/2021\/01\/cadiz-tourist-apartments-2-760x700.jpg 760w, https:\/\/elarmadorcasapalacio.com\/wp-content\/uploads\/2021\/01\/cadiz-tourist-apartments-2-380x350.jpg 380w, https:\/\/elarmadorcasapalacio.com\/wp-content\/uploads\/2021\/01\/cadiz-tourist-apartments-2-20x18.jpg 20w\" sizes=\"(max-width: 760px) 100vw, 760px\" \/>\t\t\t<div class=\"thb-portfolio-hover\"><\/div>\n\t\t<\/div>\n\t\t<a href=\"https:\/\/elarmadorcasapalacio.com\/es\/hotel\/apartamento-atico\/\" class=\"thb-portfolio-link\"><\/a>\n\t\t<div class=\"thb-portfolio-content\">\n\t\t\t<h6>Apartamento \u00c1tico<\/h6>\n\t\t\t\t\t<\/div>\n\t<\/div>\n\t\t<style>\n\t\t.portfolio-id-266-69fa011be994a.style5 .thb-portfolio-hover {\n\t\t\tbackground:;background:linear-gradient( 0deg,, );\t\t}\n\t<\/style>\n\t<\/div>\n\t<\/section>\n\t\n\t[\/vc_column][\/vc_row]\n<\/section>","protected":false},"excerpt":{"rendered":"<p>[vc_row el_class=\u00bbtext-center\u00bb css=\u00bb.vc_custom_1611172571995{padding-top: 10vh !important;padding-bottom: 5vh !important;}\u00bb][vc_column][vc_column_text] Reserva tu Apartamento Premium en el mejor Edificio de Apartamentos Tur\u00edsticos de C\u00e1diz [\/vc_column_text][vc_empty_space][vc_column_text]&#8216;El Armador Casa Palacio&#8217; es un encantador edificio de apartamentos tur\u00edsticos en un noble edificio del siglo XIX en el centro de C\u00e1diz. Aqu\u00ed puede ver los diferentes tipos de apartamentos que ofrecemos. Haga clic&hellip;<\/p>\n","protected":false},"author":3,"featured_media":31,"parent":0,"menu_order":0,"comment_status":"closed","ping_status":"closed","template":"","meta":{"footnotes":""},"_links":{"self":[{"href":"https:\/\/elarmadorcasapalacio.com\/es\/wp-json\/wp\/v2\/pages\/253"}],"collection":[{"href":"https:\/\/elarmadorcasapalacio.com\/es\/wp-json\/wp\/v2\/pages"}],"about":[{"href":"https:\/\/elarmadorcasapalacio.com\/es\/wp-json\/wp\/v2\/types\/page"}],"author":[{"embeddable":true,"href":"https:\/\/elarmadorcasapalacio.com\/es\/wp-json\/wp\/v2\/users\/3"}],"replies":[{"embeddable":true,"href":"https:\/\/elarmadorcasapalacio.com\/es\/wp-json\/wp\/v2\/comments?post=253"}],"version-history":[{"count":0,"href":"https:\/\/elarmadorcasapalacio.com\/es\/wp-json\/wp\/v2\/pages\/253\/revisions"}],"wp:featuredmedia":[{"embeddable":true,"href":"https:\/\/elarmadorcasapalacio.com\/es\/wp-json\/wp\/v2\/media\/31"}],"wp:attachment":[{"href":"https:\/\/elarmadorcasapalacio.com\/es\/wp-json\/wp\/v2\/media?parent=253"}],"curies":[{"name":"wp","href":"https:\/\/api.w.org\/{rel}","templated":true}]}}